{"id":1118,"date":"2025-03-18T22:21:58","date_gmt":"2025-03-18T22:21:58","guid":{"rendered":"https:\/\/sqw.academy\/instructor-registration\/"},"modified":"2025-03-18T22:21:58","modified_gmt":"2025-03-18T22:21:58","slug":"instructor-registration","status":"publish","type":"page","link":"https:\/\/wordpress.qhsew.co\/fr\/instructor-registration\/","title":{"rendered":"Instructor Registration"},"content":{"rendered":"<div class=\"tutor-disabled-wrapper\">\n\t<div class=\"tutor-disabled-content-wrapper\">\n\t\t\t\t\t<div>\n\t\t\t\t<center>\n\t\t\t\t\t<img decoding=\"async\" src=\"https:\/\/wordpress.qhsew.co\/wp-content\/plugins\/tutor\/assets\/images\/construction.png\" alt=\"disabled\">\n\t\t\t\t<\/center>\n\t\t\t<\/div>\n\t\t\n\t\t<div>\n\t\t\t\t\t\t\t<h3>\n\t\t\t\t\tOooh\u00a0! Acc\u00e8s refus\u00e9\t\t\t\t<\/h3>\n\t\t\t\n\t\t\t\t\t\t\t<p>\n\t\t\t\t\tVous n\u2019avez pas acc\u00e8s \u00e0 cette zone de la candidature. Veuillez vous adresser \u00e0 votre administrateur ou l\u2019administratrice syst\u00e8me.\t\t\t\t<\/p>\n\t\t\t\t\t<\/div>\n\n\t\t<div>\n\t\t\t\t\t\t\t<a href=\"https:\/\/wordpress.qhsew.co\/fr\" class=\"tutor-btn\">\n\t\t\t\t\tAller \u00e0 l\u2019accueil\t\t\t\t<\/a>\n\t\t\t\t\t<\/div>\n\t<\/div>\n<\/div>","protected":false},"excerpt":{"rendered":"<p>Oooh\u00a0! Acc\u00e8s refus\u00e9 Vous n\u2019avez pas acc\u00e8s \u00e0 cette zone de la candidature. Veuillez vous adresser \u00e0 votre administrateur ou l\u2019administratrice syst\u00e8me. [&hellip;]<\/p>","protected":false},"author":1,"featured_media":0,"parent":0,"menu_order":0,"comment_status":"closed","ping_status":"closed","template":"","meta":{"footnotes":""},"class_list":["post-1118","page","type-page","status-publish","hentry"],"yoast_head":"<!-- This site is optimized with the Yoast SEO Premium plugin v24.5 (Yoast SEO v25.1) - https:\/\/yoast.com\/wordpress\/plugins\/seo\/ -->\n<title>Instructor Registration - Quality World Company<\/title>\n<meta name=\"description\" content=\"We are an ISO consultancy specializing in Oil &amp; Gas, Construction, NDT, and industrial training. Our internationally recognized courses cover ISO Lead &amp; Internal Auditing (9001, 45001, 14001), HSE, NEBOSH, IOSH, OSHA, IEMA, and more. We also provide fire suppression solutions and disaster risk mitigation. Elevate your skills with expert-led training today!\" \/>\n<meta name=\"robots\" content=\"index, follow, max-snippet:-1, max-image-preview:large, max-video-preview:-1\" \/>\n<link rel=\"canonical\" href=\"https:\/\/wordpress.qhsew.co\/fr\/instructor-registration\/\" \/>\n<meta property=\"og:locale\" content=\"fr_FR\" \/>\n<meta property=\"og:type\" content=\"article\" \/>\n<meta property=\"og:title\" content=\"Instructor Registration\" \/>\n<meta property=\"og:description\" content=\"We are an ISO consultancy specializing in Oil &amp; Gas, Construction, NDT, and industrial training. Our internationally recognized courses cover ISO Lead &amp; Internal Auditing (9001, 45001, 14001), HSE, NEBOSH, IOSH, OSHA, IEMA, and more. We also provide fire suppression solutions and disaster risk mitigation. Elevate your skills with expert-led training today!\" \/>\n<meta property=\"og:url\" content=\"https:\/\/wordpress.qhsew.co\/fr\/instructor-registration\/\" \/>\n<meta property=\"og:site_name\" content=\"Quality World Company\" \/>\n<meta property=\"article:publisher\" content=\"https:\/\/www.facebook.com\/QHSEw\/\" \/>\n<meta property=\"og:image\" content=\"https:\/\/wordpress.qhsew.co\/wp-content\/uploads\/2025\/01\/Logo-e1737838896526.jpg\" \/>\n\t<meta property=\"og:image:width\" content=\"632\" \/>\n\t<meta property=\"og:image:height\" content=\"736\" \/>\n\t<meta property=\"og:image:type\" content=\"image\/jpeg\" \/>\n<meta name=\"twitter:card\" content=\"summary_large_image\" \/>\n<script type=\"application\/ld+json\" class=\"yoast-schema-graph\">{\"@context\":\"https:\/\/schema.org\",\"@graph\":[{\"@type\":\"WebPage\",\"@id\":\"https:\/\/wordpress.qhsew.co\/fr\/instructor-registration\/\",\"url\":\"https:\/\/wordpress.qhsew.co\/fr\/instructor-registration\/\",\"name\":\"Instructor Registration - Quality World Company\",\"isPartOf\":{\"@id\":\"https:\/\/wordpress.qhsew.co\/#website\"},\"datePublished\":\"2025-03-18T22:21:58+00:00\",\"description\":\"We are an ISO consultancy specializing in Oil & Gas, Construction, NDT, and industrial training. Our internationally recognized courses cover ISO Lead & Internal Auditing (9001, 45001, 14001), HSE, NEBOSH, IOSH, OSHA, IEMA, and more. We also provide fire suppression solutions and disaster risk mitigation. Elevate your skills with expert-led training today!\",\"breadcrumb\":{\"@id\":\"https:\/\/wordpress.qhsew.co\/fr\/instructor-registration\/#breadcrumb\"},\"inLanguage\":\"fr-FR\",\"potentialAction\":[{\"@type\":\"ReadAction\",\"target\":[\"https:\/\/wordpress.qhsew.co\/fr\/instructor-registration\/\"]}]},{\"@type\":\"BreadcrumbList\",\"@id\":\"https:\/\/wordpress.qhsew.co\/fr\/instructor-registration\/#breadcrumb\",\"itemListElement\":[{\"@type\":\"ListItem\",\"position\":1,\"name\":\"Home\",\"item\":\"https:\/\/wordpress.qhsew.co\/\"},{\"@type\":\"ListItem\",\"position\":2,\"name\":\"Instructor Registration\"}]},{\"@type\":\"WebSite\",\"@id\":\"https:\/\/wordpress.qhsew.co\/#website\",\"url\":\"https:\/\/wordpress.qhsew.co\/\",\"name\":\"Quality World Company\",\"description\":\"\",\"publisher\":{\"@id\":\"https:\/\/wordpress.qhsew.co\/#organization\"},\"alternateName\":\"\u0634\u0631\u0643\u0629 \u0639\u0627\u0644\u0645 \u0627\u0644\u062c\u0648\u062f\u0629\",\"potentialAction\":[{\"@type\":\"SearchAction\",\"target\":{\"@type\":\"EntryPoint\",\"urlTemplate\":\"https:\/\/wordpress.qhsew.co\/?s={search_term_string}\"},\"query-input\":{\"@type\":\"PropertyValueSpecification\",\"valueRequired\":true,\"valueName\":\"search_term_string\"}}],\"inLanguage\":\"fr-FR\"},{\"@type\":\"Organization\",\"@id\":\"https:\/\/wordpress.qhsew.co\/#organization\",\"name\":\"Quality World Company\",\"alternateName\":\"\u0634\u0631\u0643\u0629 \u0639\u0627\u0644\u0645 \u0627\u0644\u062c\u0648\u062f\u0629\",\"url\":\"https:\/\/wordpress.qhsew.co\/\",\"logo\":{\"@type\":\"ImageObject\",\"inLanguage\":\"fr-FR\",\"@id\":\"https:\/\/wordpress.qhsew.co\/#\/schema\/logo\/image\/\",\"url\":\"https:\/\/wordpress.qhsew.co\/wp-content\/uploads\/2025\/01\/Logo-e1737838896526.jpg\",\"contentUrl\":\"https:\/\/wordpress.qhsew.co\/wp-content\/uploads\/2025\/01\/Logo-e1737838896526.jpg\",\"width\":632,\"height\":736,\"caption\":\"Quality World Company\"},\"image\":{\"@id\":\"https:\/\/wordpress.qhsew.co\/#\/schema\/logo\/image\/\"},\"sameAs\":[\"https:\/\/www.facebook.com\/QHSEw\/\",\"https:\/\/www.instagram.com\/qhsew?igsh=bzZ0eDZiejA4eW56\",\"https:\/\/www.linkedin.com\/company\/qhseworld-for-training-consulting-engineering-services-company\"],\"description\":\"We are an ISO Consultancy, Oil & Gas, Construction,specialize in comprehensive inspection services, Non-Destructive Testing (NDT), Customized Industrial Training and NGO & INGO Training Company and providing internationally recognized courses for all sectors courses that include Scaffolding, drilling equipment, drilling practices, QC and technology, well control, and other drilling industry technical training, HSE, ISO and specific Industrial Training. In addition to the regular training courses required.. Training Courses: ISO 9001 CQI & IRCA Lead Auditor ISO 45001 CQI & IRCA Lead Auditor ISO 14001 CQI & IRCA Lead Auditor\u060c Internal Auditor for ISO 9001\u060c Internal Auditor for ISO 45001, Internal Auditor for ISO 14001, DCC Training course, NEBOSH, IOSH, OSHA, IEMA, iirsm, LEEA. Mitigation of Fire and disaster risk. For top-tier fire suppression solutions tailored\u00a0to\u00a0your\u00a0needs\",\"email\":\"info@sqw.academy\",\"telephone\":\"+964\u202d7831138605\",\"legalName\":\"\u0634\u0631\u0643\u0629 \u0639\u0627\u0644\u0645 \u0627\u0644\u062c\u0648\u062f\u0629\"}]}<\/script>\n<!-- \/ Yoast SEO Premium plugin. -->","yoast_head_json":{"title":"Instructor Registration - Quality World Company","description":"We are an ISO consultancy specializing in Oil & Gas, Construction, NDT, and industrial training. Our internationally recognized courses cover ISO Lead & Internal Auditing (9001, 45001, 14001), HSE, NEBOSH, IOSH, OSHA, IEMA, and more. We also provide fire suppression solutions and disaster risk mitigation. Elevate your skills with expert-led training today!","robots":{"index":"index","follow":"follow","max-snippet":"max-snippet:-1","max-image-preview":"max-image-preview:large","max-video-preview":"max-video-preview:-1"},"canonical":"https:\/\/wordpress.qhsew.co\/fr\/instructor-registration\/","og_locale":"fr_FR","og_type":"article","og_title":"Instructor Registration","og_description":"We are an ISO consultancy specializing in Oil & Gas, Construction, NDT, and industrial training. Our internationally recognized courses cover ISO Lead & Internal Auditing (9001, 45001, 14001), HSE, NEBOSH, IOSH, OSHA, IEMA, and more. We also provide fire suppression solutions and disaster risk mitigation. Elevate your skills with expert-led training today!","og_url":"https:\/\/wordpress.qhsew.co\/fr\/instructor-registration\/","og_site_name":"Quality World Company","article_publisher":"https:\/\/www.facebook.com\/QHSEw\/","og_image":[{"width":632,"height":736,"url":"https:\/\/wordpress.qhsew.co\/wp-content\/uploads\/2025\/01\/Logo-e1737838896526.jpg","type":"image\/jpeg"}],"twitter_card":"summary_large_image","schema":{"@context":"https:\/\/schema.org","@graph":[{"@type":"WebPage","@id":"https:\/\/wordpress.qhsew.co\/fr\/instructor-registration\/","url":"https:\/\/wordpress.qhsew.co\/fr\/instructor-registration\/","name":"Instructor Registration - Quality World Company","isPartOf":{"@id":"https:\/\/wordpress.qhsew.co\/#website"},"datePublished":"2025-03-18T22:21:58+00:00","description":"We are an ISO consultancy specializing in Oil & Gas, Construction, NDT, and industrial training. Our internationally recognized courses cover ISO Lead & Internal Auditing (9001, 45001, 14001), HSE, NEBOSH, IOSH, OSHA, IEMA, and more. We also provide fire suppression solutions and disaster risk mitigation. Elevate your skills with expert-led training today!","breadcrumb":{"@id":"https:\/\/wordpress.qhsew.co\/fr\/instructor-registration\/#breadcrumb"},"inLanguage":"fr-FR","potentialAction":[{"@type":"ReadAction","target":["https:\/\/wordpress.qhsew.co\/fr\/instructor-registration\/"]}]},{"@type":"BreadcrumbList","@id":"https:\/\/wordpress.qhsew.co\/fr\/instructor-registration\/#breadcrumb","itemListElement":[{"@type":"ListItem","position":1,"name":"Home","item":"https:\/\/wordpress.qhsew.co\/"},{"@type":"ListItem","position":2,"name":"Instructor Registration"}]},{"@type":"WebSite","@id":"https:\/\/wordpress.qhsew.co\/#website","url":"https:\/\/wordpress.qhsew.co\/","name":"Quality World Company","description":"","publisher":{"@id":"https:\/\/wordpress.qhsew.co\/#organization"},"alternateName":"\u0634\u0631\u0643\u0629 \u0639\u0627\u0644\u0645 \u0627\u0644\u062c\u0648\u062f\u0629","potentialAction":[{"@type":"SearchAction","target":{"@type":"EntryPoint","urlTemplate":"https:\/\/wordpress.qhsew.co\/?s={search_term_string}"},"query-input":{"@type":"PropertyValueSpecification","valueRequired":true,"valueName":"search_term_string"}}],"inLanguage":"fr-FR"},{"@type":"Organization","@id":"https:\/\/wordpress.qhsew.co\/#organization","name":"Quality World Company","alternateName":"\u0634\u0631\u0643\u0629 \u0639\u0627\u0644\u0645 \u0627\u0644\u062c\u0648\u062f\u0629","url":"https:\/\/wordpress.qhsew.co\/","logo":{"@type":"ImageObject","inLanguage":"fr-FR","@id":"https:\/\/wordpress.qhsew.co\/#\/schema\/logo\/image\/","url":"https:\/\/wordpress.qhsew.co\/wp-content\/uploads\/2025\/01\/Logo-e1737838896526.jpg","contentUrl":"https:\/\/wordpress.qhsew.co\/wp-content\/uploads\/2025\/01\/Logo-e1737838896526.jpg","width":632,"height":736,"caption":"Quality World Company"},"image":{"@id":"https:\/\/wordpress.qhsew.co\/#\/schema\/logo\/image\/"},"sameAs":["https:\/\/www.facebook.com\/QHSEw\/","https:\/\/www.instagram.com\/qhsew?igsh=bzZ0eDZiejA4eW56","https:\/\/www.linkedin.com\/company\/qhseworld-for-training-consulting-engineering-services-company"],"description":"We are an ISO Consultancy, Oil & Gas, Construction,specialize in comprehensive inspection services, Non-Destructive Testing (NDT), Customized Industrial Training and NGO & INGO Training Company and providing internationally recognized courses for all sectors courses that include Scaffolding, drilling equipment, drilling practices, QC and technology, well control, and other drilling industry technical training, HSE, ISO and specific Industrial Training. In addition to the regular training courses required.. Training Courses: ISO 9001 CQI & IRCA Lead Auditor ISO 45001 CQI & IRCA Lead Auditor ISO 14001 CQI & IRCA Lead Auditor\u060c Internal Auditor for ISO 9001\u060c Internal Auditor for ISO 45001, Internal Auditor for ISO 14001, DCC Training course, NEBOSH, IOSH, OSHA, IEMA, iirsm, LEEA. Mitigation of Fire and disaster risk. For top-tier fire suppression solutions tailored\u00a0to\u00a0your\u00a0needs","email":"info@sqw.academy","telephone":"+964\u202d7831138605","legalName":"\u0634\u0631\u0643\u0629 \u0639\u0627\u0644\u0645 \u0627\u0644\u062c\u0648\u062f\u0629"}]}},"_links":{"self":[{"href":"https:\/\/wordpress.qhsew.co\/fr\/wp-json\/wp\/v2\/pages\/1118","targetHints":{"allow":["GET"]}}],"collection":[{"href":"https:\/\/wordpress.qhsew.co\/fr\/wp-json\/wp\/v2\/pages"}],"about":[{"href":"https:\/\/wordpress.qhsew.co\/fr\/wp-json\/wp\/v2\/types\/page"}],"author":[{"embeddable":true,"href":"https:\/\/wordpress.qhsew.co\/fr\/wp-json\/wp\/v2\/users\/1"}],"replies":[{"embeddable":true,"href":"https:\/\/wordpress.qhsew.co\/fr\/wp-json\/wp\/v2\/comments?post=1118"}],"version-history":[{"count":0,"href":"https:\/\/wordpress.qhsew.co\/fr\/wp-json\/wp\/v2\/pages\/1118\/revisions"}],"wp:attachment":[{"href":"https:\/\/wordpress.qhsew.co\/fr\/wp-json\/wp\/v2\/media?parent=1118"}],"curies":[{"name":"wp","href":"https:\/\/api.w.org\/{rel}","templated":true}]}}